{"id":161,"date":"2022-06-14T18:34:23","date_gmt":"2022-06-14T16:34:23","guid":{"rendered":"https:\/\/trinidadarroyo.org\/wp1\/?page_id=161"},"modified":"2026-01-21T12:29:36","modified_gmt":"2026-01-21T11:29:36","slug":"informacion-basica-que-es-el-calentamiento-global-o-cambio-climatico","status":"publish","type":"page","link":"https:\/\/trinidadarroyo.org\/aprende\/?page_id=161","title":{"rendered":"CALENTAMIENTO GLOBAL y EFECTO INVERNADERO (lo natural + la intensificaci\u00f3n artificial)"},"content":{"rendered":"\r\n<h2 class=\"wp-block-heading\">Efecto invernadero natural<\/h2>\r\n<p><img loading=\"lazy\" decoding=\"async\" class=\"alignnone size-medium wp-image-282\" src=\"https:\/\/trinidadarroyo.org\/wp1\/wp-content\/uploads\/2022\/06\/efecto-invernadero2-300x227.jpg\" alt=\"\" width=\"300\" height=\"227\" srcset=\"https:\/\/trinidadarroyo.org\/wp1\/wp-content\/uploads\/2022\/06\/efecto-invernadero2-300x227.jpg 300w, https:\/\/trinidadarroyo.org\/wp1\/wp-content\/uploads\/2022\/06\/efecto-invernadero2.jpg 357w\" sizes=\"auto, (max-width: 300px) 100vw, 300px\" \/><\/p>\r\n\r\n\r\n\r\n\r\n\r\n<figure class=\"wp-block-image\"><img decoding=\"async\" src=\"https:\/\/slideplayer.es\/slide\/3771473\/12\/images\/22\/EFECTO+INVERNADERO+NATURAL.jpg\" alt=\"https:\/\/slideplayer.es\/slide\/3771473\/12\/images\/22\/EFECTO+INVERNADERO+NATURAL.jpg\" \/><\/figure>\r\n\r\n\r\n\r\n<figure class=\"wp-block-image\"><img decoding=\"async\" src=\"https:\/\/archive.ipcc.ch\/publications_and_data\/ar4\/wg1\/es\/fig\/faq-1-3-figure-1.jpeg\" alt=\"\" \/><\/figure>\r\n\r\n\r\n\r\n<figure class=\"wp-block-image\"><img decoding=\"async\" src=\"http:\/\/meteolab.fis.ucm.es\/system\/images\/BAhbB1sHOgZmIi0yMDAzLzAyLzAzLzAyXzI3XzMxXzIxMV9JbnZlcm5hZGVybzEucG5nWwg6BnA6CnRodW1iIg00NTB4NDUwPg\/Invernadero1.png\" alt=\"\" \/><\/figure>\r\n\r\n\r\n\r\n<figure class=\"wp-block-image\"><img decoding=\"async\" src=\"https:\/\/www.meteorologiaenred.com\/wp-content\/uploads\/2019\/02\/Albedo-de-la-Tierra.png\" alt=\"\" \/><\/figure>\r\n\r\n\r\n\r\n<h2 class=\"wp-block-heading\">Efecto invernadero natural + Intensificaci\u00f3n \u00abartificial\u00bb del efecto invernadero debido a la acci\u00f3n humana<\/h2>\r\n\r\n\r\n\r\n<figure class=\"wp-block-image\"><img decoding=\"async\" src=\"https:\/\/slideplayer.es\/slide\/11928511\/67\/images\/4\/Fuente%3A.jpg\" alt=\"\" \/><\/figure>\r\n\r\n\r\n\r\n<p>(scapa -&gt; escapa)<\/p>\r\n\r\n\r\n\r\n\r\n\r\n<ul class=\"wp-block-list\">\r\n<li><strong>\u00bfQu\u00e9 es el Efecto Invernadero? Natural y artificial<\/strong> (5 minutos, los tres primeros son los m\u00e1s interesantes) https:\/\/www.youtube.com\/embed\/D7azpbtGA4Y?controls=0&amp;modestbranding=1&amp;rel=0&amp;showinfo=0&amp;loop=0&amp;fs=0&amp;hl=es&amp;enablejsapi=1&amp;origin=https%3A%2F%2Faulavirtual.educa.jcyl.es&amp;widgetid=1Reproducir V\u00eddeo<\/li>\r\n<li><strong>Efecto invernadero natrural e intensificaci\u00f3n artificial: explicaci\u00f3n detallada con texto, gr\u00e1ficos y v\u00eddeo -&gt;<\/strong>\u00a0<a href=\"http:\/\/www.ciifen.org\/index.php%3Foption%3Dcom_content%26view%3Dcategory%26layout%3Dblog%26id%3D99%26Itemid%3D132%26lang%3Des\" target=\"_blank\" rel=\"noreferrer noopener\">http:\/\/www.ciifen.org\/index.php%3Foption%3Dcom_content%26view%3Dcategory%26layout%3Dblog%26id%3D99%26Itemid%3D132%26lang%3Des<\/a><\/li>\r\n<\/ul>\r\n\r\n\r\n\r\n<h2 class=\"wp-block-heading\">En torno al cambio clim\u00e1tico: debates, alternativas&#8230;<\/h2>\r\n\r\n\r\n\r\n<ul class=\"wp-block-list\" id=\"yui_3_17_2_1_1655224336659_28\">\r\n<li>Para ver el cambio clim\u00e1tico en positivo (si es que se puede): C\u00f3mo evitar el Cambio Clim\u00e1tico MUY R\u00c1PIDO (20,5 minutos)<br \/><a href=\"https:\/\/youtu.be\/3X-Z0kMfh4M\" target=\"_blank\" rel=\"noreferrer noopener\">https:\/\/youtu.be\/3X-Z0kMfh4M<\/a><\/li>\r\n<li>\u00bfDebe hablarse de \u00abemergencia clim\u00e1tica\u00bb en lugar de \u00abcambio clim\u00e1tico\u00bb?<\/li>\r\n<\/ul>\r\n","protected":false},"excerpt":{"rendered":"<p>Efecto invernadero natural Efecto invernadero natural + Intensificaci\u00f3n \u00abartificial\u00bb del efecto invernadero debido a la acci\u00f3n humana (scapa -&gt; escapa) \u00bfQu\u00e9 es el Efecto Invernadero? Natural y artificial (5 minutos, los tres primeros son los m\u00e1s interesantes) https:\/\/www.youtube.com\/embed\/D7azpbtGA4Y?controls=0&amp;modestbranding=1&amp;rel=0&amp;showinfo=0&amp;loop=0&amp;fs=0&amp;hl=es&amp;enablejsapi=1&amp;origin=https%3A%2F%2Faulavirtual.educa.jcyl.es&amp;widgetid=1Reproducir V\u00eddeo Efecto invernadero natrural e intensificaci\u00f3n artificial: explicaci\u00f3n detallada con texto, gr\u00e1ficos y v\u00eddeo -&gt;\u00a0http:\/\/www.ciifen.org\/index.php%3Foption%3Dcom_content%26view%3Dcategory%26layout%3Dblog%26id%3D99%26Itemid%3D132%26lang%3Des En torno &hellip; <a href=\"https:\/\/trinidadarroyo.org\/aprende\/?page_id=161\" class=\"more-link\">Seguir leyendo <span class=\"screen-reader-text\">CALENTAMIENTO GLOBAL y EFECTO INVERNADERO (lo natural + la intensificaci\u00f3n artificial)<\/span> <span class=\"meta-nav\">&rarr;<\/span><\/a><\/p>\n","protected":false},"author":2,"featured_media":0,"parent":661,"menu_order":0,"comment_status":"closed","ping_status":"closed","template":"","meta":{"footnotes":""},"class_list":["post-161","page","type-page","status-publish","hentry"],"_links":{"self":[{"href":"https:\/\/trinidadarroyo.org\/aprende\/index.php?rest_route=\/wp\/v2\/pages\/161","targetHints":{"allow":["GET"]}}],"collection":[{"href":"https:\/\/trinidadarroyo.org\/aprende\/index.php?rest_route=\/wp\/v2\/pages"}],"about":[{"href":"https:\/\/trinidadarroyo.org\/aprende\/index.php?rest_route=\/wp\/v2\/types\/page"}],"author":[{"embeddable":true,"href":"https:\/\/trinidadarroyo.org\/aprende\/index.php?rest_route=\/wp\/v2\/users\/2"}],"replies":[{"embeddable":true,"href":"https:\/\/trinidadarroyo.org\/aprende\/index.php?rest_route=%2Fwp%2Fv2%2Fcomments&post=161"}],"version-history":[{"count":7,"href":"https:\/\/trinidadarroyo.org\/aprende\/index.php?rest_route=\/wp\/v2\/pages\/161\/revisions"}],"predecessor-version":[{"id":1195,"href":"https:\/\/trinidadarroyo.org\/aprende\/index.php?rest_route=\/wp\/v2\/pages\/161\/revisions\/1195"}],"up":[{"embeddable":true,"href":"https:\/\/trinidadarroyo.org\/aprende\/index.php?rest_route=\/wp\/v2\/pages\/661"}],"wp:attachment":[{"href":"https:\/\/trinidadarroyo.org\/aprende\/index.php?rest_route=%2Fwp%2Fv2%2Fmedia&parent=161"}],"curies":[{"name":"wp","href":"https:\/\/api.w.org\/{rel}","templated":true}]}}