{"id":177,"date":"2022-06-14T18:57:36","date_gmt":"2022-06-14T16:57:36","guid":{"rendered":"https:\/\/trinidadarroyo.org\/wp1\/?page_id=177"},"modified":"2023-04-26T17:59:20","modified_gmt":"2023-04-26T15:59:20","slug":"como-evitar-faltas-de-ortografia-muy-habituales-e-imperdonables","status":"publish","type":"page","link":"https:\/\/trinidadarroyo.org\/aprende\/?page_id=177","title":{"rendered":"C\u00d3MO evitar FALTAS DE ORTOGRAF\u00cdA muy habituales (e imperdonables)"},"content":{"rendered":"\r\n<ul class=\"wp-block-list\" id=\"yui_3_17_2_1_1542303879859_26\">\r\n<li><strong>\u00aba\u00bb \/ \u00abha\u00bb<\/strong>\r\n<ul>\r\n<li>\u00aba\u00bb es un preposici\u00f3n (\u00aba Burgos\u00bb, \u00aba comer\u00bb)<\/li>\r\n<li>\u00abha\u00bb es del verbo \u00abhaber\u00bb, va seguido de un verbo en participio (-ado, -ido): \u00abha estado\u00bb, \u00abha comido\u00bb, \u2026 (es el verbo auxiliar).<\/li>\r\n<\/ul>\r\n<\/li>\r\n<li><strong>\u00abhaber\u00bb<\/strong>: todas las formas del verbo \u00abhaber\u00bb tienen\u00a0<strong>h<\/strong>,\u00a0<strong>b<\/strong>\u00a0e<strong>\u00a0y\u00a0<\/strong>cuando corresponde:\u00a0<strong>hab\u00eda, he, hemos, han, haya\u00a0<\/strong><strong>\u2026.<\/strong><em>\u00a0\u00a1y es un verbo que, por ser auxiliar, se usa continuamente!<\/em>\u00a0(NO TE CONFUNDAS CON EL VERBO \u00abVER\u00bb -&gt; \u00ab[FUIMOS] A VER [UNA PEL\u00cdCULA]\u00bb). \/\/\u00a0<strong>\u00abhaya\u00bb\u00a0<\/strong>es tambi\u00e9n una forma del verbo \u00abhaber\u00bb (no debe confundirse con \u00abhalla\u00bb, que es del verbo \u00abhallar\u00bb -&gt; \u00abla respuesta se\u00a0 halla en\u2026\u00bb)<\/li>\r\n<li><strong>\u00abdebido\u00bb o \u00abdebida\u00bb<\/strong>\u00a0es del verbo \u00abdeber\u00bb\u00a0(NO TE CONFUNDAS CON \u00abDE VIDA\u00bb, POR EJEMPLO, \u00abCONDICIONES DE VIDA\u00bb)<\/li>\r\n<li><strong>\u00abtuvo\u00bb<\/strong>\u00a0es del verbo \u00abtener\u00bb (no confundir con el sustantivo \u00abtubo\u00bb)<\/li>\r\n<li><strong>\u00abhecho\/s\u00bb<\/strong>: \u00ablos hechos que ocurrieron\u2026\u00bb, \u00abel hecho hist\u00f3rico m\u00e1s conocido de esa \u00e9poca es..\u00bb (es el participio del verbo \u00abhacer\u00bb; \u00a1no confundir con \u00abecho\u00bb del verbo \u00abechar\u00bb: \u00abyo echo agua a la planta\u2026\u00bb!)<\/li>\r\n<li><strong>\u00abdesarrollado\u00bb<\/strong>\u00a0es con\u00a0<strong>\u00abll\u00bb del verbo \u00abdesarrollar\u00bb<\/strong>\u00a0(no tiene nada que ver con \u00abarroyo\u00bb)<\/li>\r\n<li>Todos los\u00a0<strong>nombres propios se escriben con may\u00fascula<\/strong>. Todo el mundo lo sabe, pero mucha gente se olvida\u2026 Y eso incluye a todos los r\u00edos, pa\u00edses, provincias, pueblos\u2026 sean grandes o peque\u00f1os\/as.<\/li>\r\n<\/ul>\r\n","protected":false},"excerpt":{"rendered":"<p>\u00aba\u00bb \/ \u00abha\u00bb \u00aba\u00bb es un preposici\u00f3n (\u00aba Burgos\u00bb, \u00aba comer\u00bb) \u00abha\u00bb es del verbo \u00abhaber\u00bb, va seguido de un verbo en participio (-ado, -ido): \u00abha estado\u00bb, \u00abha comido\u00bb, \u2026 (es el verbo auxiliar). \u00abhaber\u00bb: todas las formas del verbo \u00abhaber\u00bb tienen\u00a0h,\u00a0b\u00a0e\u00a0y\u00a0cuando corresponde:\u00a0hab\u00eda, he, hemos, han, haya\u00a0\u2026.\u00a0\u00a1y es un verbo que, por ser auxiliar, se &hellip; <a href=\"https:\/\/trinidadarroyo.org\/aprende\/?page_id=177\" class=\"more-link\">Seguir leyendo <span class=\"screen-reader-text\">C\u00d3MO evitar FALTAS DE ORTOGRAF\u00cdA muy habituales (e imperdonables)<\/span> <span class=\"meta-nav\">&rarr;<\/span><\/a><\/p>\n","protected":false},"author":1,"featured_media":0,"parent":656,"menu_order":0,"comment_status":"closed","ping_status":"closed","template":"","meta":{"footnotes":""},"class_list":["post-177","page","type-page","status-publish","hentry"],"_links":{"self":[{"href":"https:\/\/trinidadarroyo.org\/aprende\/index.php?rest_route=\/wp\/v2\/pages\/177","targetHints":{"allow":["GET"]}}],"collection":[{"href":"https:\/\/trinidadarroyo.org\/aprende\/index.php?rest_route=\/wp\/v2\/pages"}],"about":[{"href":"https:\/\/trinidadarroyo.org\/aprende\/index.php?rest_route=\/wp\/v2\/types\/page"}],"author":[{"embeddable":true,"href":"https:\/\/trinidadarroyo.org\/aprende\/index.php?rest_route=\/wp\/v2\/users\/1"}],"replies":[{"embeddable":true,"href":"https:\/\/trinidadarroyo.org\/aprende\/index.php?rest_route=%2Fwp%2Fv2%2Fcomments&post=177"}],"version-history":[{"count":2,"href":"https:\/\/trinidadarroyo.org\/aprende\/index.php?rest_route=\/wp\/v2\/pages\/177\/revisions"}],"predecessor-version":[{"id":519,"href":"https:\/\/trinidadarroyo.org\/aprende\/index.php?rest_route=\/wp\/v2\/pages\/177\/revisions\/519"}],"up":[{"embeddable":true,"href":"https:\/\/trinidadarroyo.org\/aprende\/index.php?rest_route=\/wp\/v2\/pages\/656"}],"wp:attachment":[{"href":"https:\/\/trinidadarroyo.org\/aprende\/index.php?rest_route=%2Fwp%2Fv2%2Fmedia&parent=177"}],"curies":[{"name":"wp","href":"https:\/\/api.w.org\/{rel}","templated":true}]}}