{"id":255,"date":"2022-06-15T17:20:26","date_gmt":"2022-06-15T15:20:26","guid":{"rendered":"https:\/\/trinidadarroyo.org\/wp1\/?page_id=255"},"modified":"2022-06-15T19:44:38","modified_gmt":"2022-06-15T17:44:38","slug":"mapa-del-sitio","status":"publish","type":"page","link":"https:\/\/trinidadarroyo.org\/aprende\/?page_id=255","title":{"rendered":"< MAPA del sitio >"},"content":{"rendered":"\r\n\r\n\r\n<p>[NOTA: Las Categor\u00edas en las que no hay ninguna Entrada publicada no aparecen]<\/p>\r\n<div class=\"toc_sitemap\"><h2 class=\"toc_sitemap_pages\">Listado de p&aacute;ginas<\/h2><ul class=\"toc_sitemap_pages_list\"><li class=\"page_item page-item-806\"><a href=\"https:\/\/trinidadarroyo.org\/aprende\/?page_id=806\">\u00bf Qu\u00e9 es el Visual thinking?<\/a><\/li>\n<li class=\"page_item page-item-255\"><a href=\"https:\/\/trinidadarroyo.org\/aprende\/?page_id=255\">< MAPA del sitio ><\/a><\/li>\n<li class=\"page_item page-item-2\"><a href=\"https:\/\/trinidadarroyo.org\/aprende\/?page_id=2\">< PRESENTACI\u00d3N ><\/a><\/li>\n<li class=\"page_item page-item-812\"><a href=\"https:\/\/trinidadarroyo.org\/aprende\/?page_id=812\">La vida en la Antigua Roma<\/a><\/li>\n<li class=\"page_item page-item-822\"><a href=\"https:\/\/trinidadarroyo.org\/aprende\/?page_id=822\">La vida en la Antigua Roma II<\/a><\/li>\n<li class=\"page_item page-item-859\"><a href=\"https:\/\/trinidadarroyo.org\/aprende\/?page_id=859\">Lucha Leonesa, dise\u00f1a tu infografia<\/a><\/li>\n<li class=\"page_item page-item-808\"><a href=\"https:\/\/trinidadarroyo.org\/aprende\/?page_id=808\">MUJERES EN LA HISTORIA:  JUANA I DE CASTILLA<\/a><\/li>\n<li class=\"page_item page-item-656 page_item_has_children\"><a href=\"https:\/\/trinidadarroyo.org\/aprende\/?page_id=656\">RECURSOS GENERALES<\/a>\n<ul class='children'>\n\t<li class=\"page_item page-item-177\"><a href=\"https:\/\/trinidadarroyo.org\/aprende\/?page_id=177\">C\u00d3MO evitar FALTAS DE ORTOGRAF\u00cdA muy habituales (e imperdonables)<\/a><\/li>\n\t<li class=\"page_item page-item-180\"><a href=\"https:\/\/trinidadarroyo.org\/aprende\/?page_id=180\">MAPAS del mundo, de Europa y de Espa\u00f1a<\/a><\/li>\n\t<li class=\"page_item page-item-239\"><a href=\"https:\/\/trinidadarroyo.org\/aprende\/?page_id=239\">MEDIOS que puedes usar libremente (visuales, sonoros&#8230;)<\/a><\/li>\n<\/ul>\n<\/li>\n<li class=\"page_item page-item-661 page_item_has_children\"><a href=\"https:\/\/trinidadarroyo.org\/aprende\/?page_id=661\">RECURSOS por TEMAS<\/a>\n<ul class='children'>\n\t<li class=\"page_item page-item-161\"><a href=\"https:\/\/trinidadarroyo.org\/aprende\/?page_id=161\">CALENTAMIENTO GLOBAL y EFECTO INVERNADERO (lo natural + la intensificaci\u00f3n artificial)<\/a><\/li>\n\t<li class=\"page_item page-item-1175 page_item_has_children\"><a href=\"https:\/\/trinidadarroyo.org\/aprende\/?page_id=1175\">CONFLICTOS, JUSTICIA y PAZ (Recursos)<\/a>\n\t<ul class='children'>\n\t\t<li class=\"page_item page-item-990\"><a href=\"https:\/\/trinidadarroyo.org\/aprende\/?page_id=990\">CONFLICTOS PERSONALES y CONVIVENCIA: ni \u00abaguantarse\u00bb ni \u00abley del m\u00e1s fuerte\u00bb (Guion 1)<\/a><\/li>\n\t\t<li class=\"page_item page-item-786\"><a href=\"https:\/\/trinidadarroyo.org\/aprende\/?page_id=786\">PAZ \/ VIOLENCIA: Mapas, gr\u00e1ficos&#8230; (y enlaces)<\/a><\/li>\n\t\t<li class=\"page_item page-item-1110\"><a href=\"https:\/\/trinidadarroyo.org\/aprende\/?page_id=1110\">PAZ: menos violencia y m\u00e1s justicia, aqu\u00ed y en el mundo: \u00bfqu\u00e9 podemos hacer?  (Guion 2)<\/a><\/li>\n\t<\/ul>\n<\/li>\n\t<li class=\"page_item page-item-458 page_item_has_children\"><a href=\"https:\/\/trinidadarroyo.org\/aprende\/?page_id=458\">HISTORIA DE ESPA\u00d1A: Siglos XVIII-XX<\/a>\n\t<ul class='children'>\n\t\t<li class=\"page_item page-item-499\"><a href=\"https:\/\/trinidadarroyo.org\/aprende\/?page_id=499\">H\u00aa de Espa\u00f1a, 04: 1700-1788. Primeros Borbones.<\/a><\/li>\n\t\t<li class=\"page_item page-item-383\"><a href=\"https:\/\/trinidadarroyo.org\/aprende\/?page_id=383\">H\u00aa de Espa\u00f1a, 05: 1788-1833. Crisis del Antiguo R\u00e9gimen.<\/a><\/li>\n\t\t<li class=\"page_item page-item-393\"><a href=\"https:\/\/trinidadarroyo.org\/aprende\/?page_id=393\">H\u00aa de Espa\u00f1a, 06: 1833-1874. El nuevo estado liberal-burgu\u00e9s.<\/a><\/li>\n\t\t<li class=\"page_item page-item-674\"><a href=\"https:\/\/trinidadarroyo.org\/aprende\/?page_id=674\">H\u00aa de Espa\u00f1a, 07: 1874-1902. El r\u00e9gimen de la Restauraci\u00f3n.<\/a><\/li>\n\t\t<li class=\"page_item page-item-551\"><a href=\"https:\/\/trinidadarroyo.org\/aprende\/?page_id=551\">H\u00aa de Espa\u00f1a, 08: Siglo XIX: Transformaciones econ\u00f3micas y demogr\u00e1ficas<\/a><\/li>\n\t\t<li class=\"page_item page-item-558\"><a href=\"https:\/\/trinidadarroyo.org\/aprende\/?page_id=558\">H\u00aa de Espa\u00f1a, 09: 1902-1931. Crisis de la Restauraci\u00f3n y de la monarqu\u00eda.<\/a><\/li>\n\t\t<li class=\"page_item page-item-590\"><a href=\"https:\/\/trinidadarroyo.org\/aprende\/?page_id=590\">H\u00aa de Espa\u00f1a, 10.1: 1931-1936&#8230; La Segunda Rep\u00fablica.<\/a><\/li>\n\t\t<li class=\"page_item page-item-604\"><a href=\"https:\/\/trinidadarroyo.org\/aprende\/?page_id=604\">H\u00aa de Espa\u00f1a, 10.2: 1936-1939. La Guerra Civil<\/a><\/li>\n\t\t<li class=\"page_item page-item-624\"><a href=\"https:\/\/trinidadarroyo.org\/aprende\/?page_id=624\">H\u00aa de Espa\u00f1a, 11: La dictadura franquista<\/a><\/li>\n\t\t<li class=\"page_item page-item-736\"><a href=\"https:\/\/trinidadarroyo.org\/aprende\/?page_id=736\">H\u00aa de Espa\u00f1a, 12: Transici\u00f3n y democracia<\/a><\/li>\n\t\t<li class=\"page_item page-item-1025\"><a href=\"https:\/\/trinidadarroyo.org\/aprende\/?page_id=1025\">La memoria hist\u00f3rica de la guerra civil y del franquismo en Espa\u00f1a<\/a><\/li>\n\t<\/ul>\n<\/li>\n\t<li class=\"page_item page-item-548\"><a href=\"https:\/\/trinidadarroyo.org\/aprende\/?page_id=548\">HISTORIA DEL MUNDO CONTEMPOR\u00c1NEO: Siglo XX<\/a><\/li>\n<\/ul>\n<\/li>\n<\/ul><h2 class=\"toc_sitemap_categories\">Listado de categor&iacute;as de las entradas (posts)<\/h2><ul class=\"toc_sitemap_categories_list\">\t<li class=\"cat-item cat-item-8\"><a href=\"https:\/\/trinidadarroyo.org\/aprende\/?cat=8\">EJE Igualdad entre mujeres y hombres<\/a>\n<ul class='children'>\n\t<li class=\"cat-item cat-item-15\"><a href=\"https:\/\/trinidadarroyo.org\/aprende\/?cat=15\">\u00bfComentamos esto?<\/a>\n<\/li>\n<\/ul>\n<\/li>\n\t<li class=\"cat-item cat-item-6\"><a href=\"https:\/\/trinidadarroyo.org\/aprende\/?cat=6\">EJE Medio ambiente y sostenibilidad<\/a>\n<ul class='children'>\n\t<li class=\"cat-item cat-item-16\"><a href=\"https:\/\/trinidadarroyo.org\/aprende\/?cat=16\">\u00bfComentamos esto?<\/a>\n<\/li>\n\t<li class=\"cat-item cat-item-19\"><a href=\"https:\/\/trinidadarroyo.org\/aprende\/?cat=19\">Noticias comentadas \u00a1Interesan!<\/a>\n<\/li>\n<\/ul>\n<\/li>\n\t<li class=\"cat-item cat-item-7\"><a href=\"https:\/\/trinidadarroyo.org\/aprende\/?cat=7\">EJE Paz, justicia y solidaridad<\/a>\n<ul class='children'>\n\t<li class=\"cat-item cat-item-17\"><a href=\"https:\/\/trinidadarroyo.org\/aprende\/?cat=17\">\u00bfComentamos esto?<\/a>\n<\/li>\n<\/ul>\n<\/li>\n\t<li class=\"cat-item cat-item-33\"><a href=\"https:\/\/trinidadarroyo.org\/aprende\/?cat=33\">Especial<\/a>\n<\/li>\n\t<li class=\"cat-item cat-item-9\"><a href=\"https:\/\/trinidadarroyo.org\/aprende\/?cat=9\">Esto no estaba en Internet (conectados con el entorno)<\/a>\n<\/li>\n\t<li class=\"cat-item cat-item-1\"><a href=\"https:\/\/trinidadarroyo.org\/aprende\/?cat=1\">Sin categor\u00eda<\/a>\n<\/li>\n<\/ul><\/div>\r\n<p><\/p>","protected":false},"excerpt":{"rendered":"<p>[NOTA: Las Categor\u00edas en las que no hay ninguna Entrada publicada no aparecen]<\/p>\n","protected":false},"author":1,"featured_media":0,"parent":0,"menu_order":0,"comment_status":"closed","ping_status":"closed","template":"","meta":{"footnotes":""},"class_list":["post-255","page","type-page","status-publish","hentry"],"_links":{"self":[{"href":"https:\/\/trinidadarroyo.org\/aprende\/index.php?rest_route=\/wp\/v2\/pages\/255","targetHints":{"allow":["GET"]}}],"collection":[{"href":"https:\/\/trinidadarroyo.org\/aprende\/index.php?rest_route=\/wp\/v2\/pages"}],"about":[{"href":"https:\/\/trinidadarroyo.org\/aprende\/index.php?rest_route=\/wp\/v2\/types\/page"}],"author":[{"embeddable":true,"href":"https:\/\/trinidadarroyo.org\/aprende\/index.php?rest_route=\/wp\/v2\/users\/1"}],"replies":[{"embeddable":true,"href":"https:\/\/trinidadarroyo.org\/aprende\/index.php?rest_route=%2Fwp%2Fv2%2Fcomments&post=255"}],"version-history":[{"count":11,"href":"https:\/\/trinidadarroyo.org\/aprende\/index.php?rest_route=\/wp\/v2\/pages\/255\/revisions"}],"predecessor-version":[{"id":285,"href":"https:\/\/trinidadarroyo.org\/aprende\/index.php?rest_route=\/wp\/v2\/pages\/255\/revisions\/285"}],"wp:attachment":[{"href":"https:\/\/trinidadarroyo.org\/aprende\/index.php?rest_route=%2Fwp%2Fv2%2Fmedia&parent=255"}],"curies":[{"name":"wp","href":"https:\/\/api.w.org\/{rel}","templated":true}]}}