{"id":548,"date":"2023-02-27T20:47:50","date_gmt":"2023-02-27T19:47:50","guid":{"rendered":"https:\/\/trinidadarroyo.org\/aprende\/?page_id=548"},"modified":"2023-05-12T18:01:32","modified_gmt":"2023-05-12T16:01:32","slug":"historia-del-mundo-contemporaneo","status":"publish","type":"page","link":"https:\/\/trinidadarroyo.org\/aprende\/?page_id=548","title":{"rendered":"HISTORIA DEL MUNDO CONTEMPOR\u00c1NEO: Siglo XX"},"content":{"rendered":"<h2>Primera Guerra Mundial &#8211; 1914-1918<\/h2>\n<h3>V\u00eddeo: \u00abNuevo mapa europeo tras la Primera Guerra Mundial\u00bb &#8211; 4&#8242;<\/h3>\n<p>HISTORIAYESO Juanma S\u00e1nchez<\/p>\n<p><iframe loading=\"lazy\" title=\"Nuevo mapa europeo tras la Primera Guerra Mundial\" width=\"474\" height=\"356\" src=\"https:\/\/www.youtube.com\/embed\/Z2TicO0ENYc?feature=oembed\" frameborder=\"0\" allow=\"accelerometer; autoplay; clipboard-write; encrypted-media; gyroscope; picture-in-picture; web-share\" referrerpolicy=\"strict-origin-when-cross-origin\" allowfullscreen><\/iframe><\/p>\n<h2>Revoluci\u00f3n rusa de 1917<\/h2>\n<h3>V\u00eddeo \u00abLa\u00a0 Revoluci\u00f3n Rusa y el nacimiento de la URSS (1917-1922)\u00bb &#8211; 16&#8242;<\/h3>\n<p><iframe loading=\"lazy\" title=\"LA REVOLUCI\u00d3N RUSA y el nacimiento de la URSS \ud83c\uddf7\ud83c\uddfa\u2694\ufe0f (1917-1922)\" width=\"474\" height=\"267\" src=\"https:\/\/www.youtube.com\/embed\/eVUuss25SKU?feature=oembed\" frameborder=\"0\" allow=\"accelerometer; autoplay; clipboard-write; encrypted-media; gyroscope; picture-in-picture; web-share\" referrerpolicy=\"strict-origin-when-cross-origin\" allowfullscreen><\/iframe><\/p>\n<p>La cuna de Halicarnaso.<\/p>\n<p><em>[NOTA sobre el v\u00eddeo: Rasput\u00edn no tiene que ver con los movimientos revolucionarios contra el zar (en todo caso, influye indirectamente, porque contribuye al desprestigio del zarismo, pero nada m\u00e1s).]<\/em><\/p>\n<h3>Art\u00edculo sobre el papel de las mujeres en la Revoluci\u00f3n Rusa (1917)<\/h3>\n<p><a href=\"https:\/\/www.publico.es\/internacional\/centenario-revolucion-papel-mujeres.html\">https:\/\/www.publico.es\/internacional\/centenario-revolucion-papel-mujeres.html<\/a><\/p>\n<p><strong>\u00abLenin: \u00abSin ellas no habr\u00edamos ganado\u00bb\u00bb<\/strong><\/p>\n<p>11\/03\/2017 \u00c0NGEL FERRERO<\/p>\n<div class=\"before-text\">\n<div class=\"pb-ads pb-megabanner pb-mobile-ads top\">\n<div>El papel de las mujeres, que ocupaban un alto porcentaje de la clase trabajadora, fue imprescindible para el triunfo de la Revoluci\u00f3n rusa y la ca\u00edda del zarismo. Los l\u00edderes bolcheviques se enorgullec\u00edan de ser pioneros en pol\u00edticas de genero.<\/div>\n<\/div>\n<\/div>\n<div class=\"article-multimedia-content\">\n<div class=\"aspect-ratio-img\">\n<figure id=\"m728-727-729\" class=\"captioned-image image-article article-multimedia-info\">\n<div class=\"image\">\n<div id=\"m732-731-733\" class=\"image\"><img decoding=\"async\" class=\"ImagenAperturaClick\" src=\"https:\/\/www.publico.es\/files\/article_main\/\/files\/crop\/uploads\/2017\/03\/06\/58bd30e367ff9.r_1489253379141.0-70-1280-729.jpg\" alt=\"Manifestaci\u00f3n contra la guerra. Obreras de la f\u00e1brica de Putilov, Petrogrado, 2 de febrero de 1917.\" \/><\/div>\n<\/div><figcaption class=\"description-overlay-image\">\n<p id=\"m738-1-739\" class=\"agency\">Manifestaci\u00f3n contra la guerra. Obreras de la f\u00e1brica de Putilov, Petrogrado, 2 de febrero de 1917.<\/p>\n<\/figcaption><\/figure>\n<\/div>\n<\/div>\n<div class=\"before-text\">\n<h2 class=\"pb-ads pb-megabanner pb-mobile-ads top\">Crac del 29 en EEUU y depresi\u00f3n de los 30 (EEUU, Europa&#8230;).<\/h2>\n<\/div>\n<h3>Documental: \u00ab1929: el gran crack\u00bb [crac] (EEUU) 58 m.<\/h3>\n<p><iframe loading=\"lazy\" title=\"La noche tema\u0301tica - El arte de especular - 1929, el gran Crack\" width=\"474\" height=\"356\" src=\"https:\/\/www.youtube.com\/embed\/psohY9ee7Is?feature=oembed\" frameborder=\"0\" allow=\"accelerometer; autoplay; clipboard-write; encrypted-media; gyroscope; picture-in-picture; web-share\" referrerpolicy=\"strict-origin-when-cross-origin\" allowfullscreen><\/iframe><\/p>\n<p><strong>CONTENIDO Y MINUTAJE<\/strong><br \/>\n<small><small><\/p>\n<ul>\n<li><strong>0-3.20: Introducci\u00f3n<\/strong><\/li>\n<li><strong>3.20-26.46: De 1919 a 1929 (EEUU)<\/strong>\n<ul>\n<li>Tras el fin de la 1\u00aa GM, optimismo general y econ\u00f3mico. Consumismo. Cr\u00e9dito al consumo.\u00a0 Inversi\u00f3n en bonos del gobierno.<\/li>\n<li>Extensi\u00f3n de la inversi\u00f3n en acciones de empresas privadas (7.20&#8230;).<\/li>\n<li>Especulaci\u00f3n. Entusiasmo inversor generalizado, codicia, confianza, acciones a cr\u00e9dito, burbuja&#8230; (10.30&#8230;). Limpiabotas Pat Bologna&#8230; (12.20). Mujeres en bolsa. Alice&#8230; (16.00&#8230;)<\/li>\n<li>Gobierno: \u00abdejar hacer\u00bb. Aumento del poder de Wall Street en el Gobierno. Falta de control.\u00a0 (18.00&#8230;)<\/li>\n<li>\u00a0\u00abGran casino\u00bb controlado por una minor\u00eda de especuladores profesionales. Informaci\u00f3n privilegiada. Manipulaci\u00f3n del mercado. (21.00&#8230;)<\/li>\n<li>Herbert Hoover, nuevo presidente (marzo 1929): discurso tranquilizador (no hace nada contra lo que \u00e9l mismo considera, en privado, una \u00aborg\u00eda de especulaci\u00f3n desenfrenada\u00bb 22.44&#8230;).<\/li>\n<li>Paul Warburg \u00abavisa\u00bb pero no es escuchado. (23&#8217;50\u00bb)<\/li>\n<li>Burbuja: siempre se dice \u00abahora la econom\u00eda es diferente\u00bb, no hay que preocuparse&#8230;. (septiembre)\u00a0 (25.00&#8230;)<\/li>\n<\/ul>\n<\/li>\n<li><strong>26.46-51.00: El crack (\u00abcrash\u00bb)<\/strong>\n<ul>\n<li>Inicio: Mi\u00e9rcoles 23 Octubre, cae bruscamente cotizaci\u00f3n empresas automovil\u00edsticas y a \u00faltima hora se venden millones de acciones muy r\u00e1pidamente. Jueves negro 24 octubre: ca\u00edda, p\u00e1nico&#8230; hundimiento (26.46&#8230;)<\/li>\n<li>Intentos de restaurar la confianza. Compras masivas por parte de algunos grandes inversores&#8230; (29.50&#8230;)<\/li>\n<li>Caos en la bolsa: jueves, viernes&#8230; (34.08&#8230;)<\/li>\n<li>Problemas de invertir con cr\u00e9dito cuando la Bolsa va mal&#8230; (35.30&#8230;).<\/li>\n<li>Lunes 28 cae a m\u00e1s velocidad a\u00fan. Martes negro, d\u00eda 29 (38.02)<\/li>\n<li>Hoover, partidario del capitalismo puro, no hacen nada o casi nada&#8230; (38.57&#8230;)<\/li>\n<li>Inversores que pierden&#8230; (39.50&#8230;) Suicidios.<\/li>\n<li>Los problemas se extienden fuera de la Bolsa: bancos que quiebran, inseguridad (44.00&#8230;).<\/li>\n<li>Encadenamiento hacia la Gran Depresi\u00f3n de los 30: falta de cr\u00e9dito, f\u00e1bricas que cierran, desempleo, ca\u00edda del consumo, pobreza, desahucios (fot\u00f3grafa Alice&#8230;)&#8230;,\u00a0 (45.44&#8230;)<\/li>\n<li>Paul Warbug hab\u00eda avisado del desastre&#8230; (49.45).<\/li>\n<\/ul>\n<\/li>\n<li><strong>51.00-54.20: Roosevelt, investigaci\u00f3n&#8230;<\/strong>\n<ul>\n<li>Victoria de Roosevelt en Noviembre de 1932 (51.00&#8230;)<\/li>\n<li>Investigaci\u00f3n oficial sobre lo que hab\u00eda pasado (52.20&#8230;)<\/li>\n<\/ul>\n<\/li>\n<li><strong>54.20-56.00: Gran depresi\u00f3n de los 30, extensi\u00f3n por el mundo<\/strong>. Aumento fascismo. Proteccionismo econ\u00f3mico&#8230;.<\/li>\n<li><strong>56.00-58.00: \u00bfSe repite&#8230;<\/strong>? Endeudamiento. Burbuja inmobiliaria. Desregulaci\u00f3n de los 80 y 90. Codicia. (EEUU)<\/li>\n<\/ul>\n<p><\/small><\/small><br \/>\n<strong>NOTAS<\/strong>:<\/p>\n<ul>\n<li>Est\u00e1 centrado en EEUU<\/li>\n<li>Hay im\u00e1genes actuales entremezcladas (Bolsa con pantallas de ordenador&#8230;)<\/li>\n<li>Es importante prestar inter\u00e9s a:\n<ul>\n<li>Dudas (conceptos, l\u00f3gica&#8230;, no detalles)<\/li>\n<li>Qu\u00e9 sucede antes, durante y despu\u00e9s del hundimiento de la bolsa de Nueva York en octubre de 1929 (incluyendo c\u00f3mo y por qu\u00e9)<\/li>\n<\/ul>\n<\/li>\n<li>Reflexiones sobre \u00abculpabilidad\u00bb: \u00bfCiudadanos\/as que invierten? \u00bfQuienes manejan el sistema? \u00bfSistema: capitalismo desregulado?<\/li>\n<li>Reflexiones sobre \u00abforma de evitarlo\u00bb, \u00abrepetici\u00f3n&#8230;\u00bb, &#8230;<\/li>\n<\/ul>\n<p><strong>CAUSAS DE FONDO (Profesor)<\/strong><\/p>\n<ul id=\"yui_3_17_2_1_1680016748703_321\">\n<li>[Car\u00e1cter c\u00edclico del capitalismo] + [Pol\u00edtica econ\u00f3mica muy liberal -gobiernos \u00abdejan hacer\u00bb]<\/li>\n<li>Debilidades estructurales en la \u00e9poca de prosperidad (a\u00f1os 20):\n<ul>\n<li>desequilibrios entre los sectores (dificultades agrarias -ca\u00edda precios y rentas-,viejos sectores industriales frente a los nuevos&#8230;)<\/li>\n<li>inseguridad monetaria mundial (Europa)<\/li>\n<\/ul>\n<\/li>\n<li id=\"yui_3_17_2_1_1680016748703_320\">Especulaci\u00f3n en Bolsa. Burbuja especulativa. Papel del cr\u00e9dito f\u00e1cil. (Con falta de regulaci\u00f3n)<\/li>\n<\/ul>\n<h2>Segunda Guerra Mundial (1939-1945)<\/h2>\n<h3>V\u00eddeo: La Segunda Guerra Mundial en 17 minutos (Academia Play) [Incluye: a\u00f1os previos]<\/h3>\n<p><iframe loading=\"lazy\" title=\"La Segunda Guerra Mundial en 17 minutos\" width=\"474\" height=\"267\" src=\"https:\/\/www.youtube.com\/embed\/AYQ8hT8cVTE?feature=oembed\" frameborder=\"0\" allow=\"accelerometer; autoplay; clipboard-write; encrypted-media; gyroscope; picture-in-picture; web-share\" referrerpolicy=\"strict-origin-when-cross-origin\" allowfullscreen><\/iframe><\/p>\n<p><em>NOTAS:<\/em><\/p>\n<ul>\n<li><em>Buen contenido, con alguna frase poco afortunada, como \u00ablos alemanes necesitaban de un l\u00edder que les guiara como pueblo y que les hiciera recordar tiempos pasados\u00bb<\/em><\/li>\n<li><em>Falta: v\u00edctimas, exterminio nazi, consecuencias.<\/em><\/li>\n<\/ul>\n<h2>La \u00abguerra fr\u00eda\u00bb (&#8230;1947-1987&#8230;)<\/h2>\n<h3>V\u00eddeo:\u00a0 \u00abLa Guerra Fr\u00eda en 7 minutos\u00bb &#8211; Academia Play<\/h3>\n<p>https:\/\/academiaplay.es\/la-guerra-fria-7-minutos\/<\/p>\n","protected":false},"excerpt":{"rendered":"<p>Primera Guerra Mundial &#8211; 1914-1918 V\u00eddeo: \u00abNuevo mapa europeo tras la Primera Guerra Mundial\u00bb &#8211; 4&#8242; HISTORIAYESO Juanma S\u00e1nchez Revoluci\u00f3n rusa de 1917 V\u00eddeo \u00abLa\u00a0 Revoluci\u00f3n Rusa y el nacimiento de la URSS (1917-1922)\u00bb &#8211; 16&#8242; La cuna de Halicarnaso. [NOTA sobre el v\u00eddeo: Rasput\u00edn no tiene que ver con los movimientos revolucionarios contra el &hellip; <a href=\"https:\/\/trinidadarroyo.org\/aprende\/?page_id=548\" class=\"more-link\">Seguir leyendo <span class=\"screen-reader-text\">HISTORIA DEL MUNDO CONTEMPOR\u00c1NEO: Siglo XX<\/span> <span class=\"meta-nav\">&rarr;<\/span><\/a><\/p>\n","protected":false},"author":1,"featured_media":0,"parent":661,"menu_order":0,"comment_status":"closed","ping_status":"closed","template":"","meta":{"footnotes":""},"class_list":["post-548","page","type-page","status-publish","hentry"],"_links":{"self":[{"href":"https:\/\/trinidadarroyo.org\/aprende\/index.php?rest_route=\/wp\/v2\/pages\/548","targetHints":{"allow":["GET"]}}],"collection":[{"href":"https:\/\/trinidadarroyo.org\/aprende\/index.php?rest_route=\/wp\/v2\/pages"}],"about":[{"href":"https:\/\/trinidadarroyo.org\/aprende\/index.php?rest_route=\/wp\/v2\/types\/page"}],"author":[{"embeddable":true,"href":"https:\/\/trinidadarroyo.org\/aprende\/index.php?rest_route=\/wp\/v2\/users\/1"}],"replies":[{"embeddable":true,"href":"https:\/\/trinidadarroyo.org\/aprende\/index.php?rest_route=%2Fwp%2Fv2%2Fcomments&post=548"}],"version-history":[{"count":32,"href":"https:\/\/trinidadarroyo.org\/aprende\/index.php?rest_route=\/wp\/v2\/pages\/548\/revisions"}],"predecessor-version":[{"id":760,"href":"https:\/\/trinidadarroyo.org\/aprende\/index.php?rest_route=\/wp\/v2\/pages\/548\/revisions\/760"}],"up":[{"embeddable":true,"href":"https:\/\/trinidadarroyo.org\/aprende\/index.php?rest_route=\/wp\/v2\/pages\/661"}],"wp:attachment":[{"href":"https:\/\/trinidadarroyo.org\/aprende\/index.php?rest_route=%2Fwp%2Fv2%2Fmedia&parent=548"}],"curies":[{"name":"wp","href":"https:\/\/api.w.org\/{rel}","templated":true}]}}