{"id":551,"date":"2023-02-27T20:57:34","date_gmt":"2023-02-27T19:57:34","guid":{"rendered":"https:\/\/trinidadarroyo.org\/aprende\/?page_id=551"},"modified":"2023-04-26T20:04:06","modified_gmt":"2023-04-26T18:04:06","slug":"ha-de-espana-08-siglo-xix-transformaciones-economicas-y-demograficas","status":"publish","type":"page","link":"https:\/\/trinidadarroyo.org\/aprende\/?page_id=551","title":{"rendered":"H\u00aa de Espa\u00f1a, 08: Siglo XIX: Transformaciones econ\u00f3micas y demogr\u00e1ficas"},"content":{"rendered":"<div id=\"yui_3_17_2_1_1677527757431_30\" class=\"no-overflow\">\n<hr \/>\n<p>Ir a <a href=\"https:\/\/trinidadarroyo.org\/aprende\/?page_id=458\">P\u00e1gina madre<\/a><\/p>\n<hr \/>\n<h3>\u25ca La industrializaci\u00f3n y la red de ferrrocarriles en Espa\u00f1a en la segunda mitad del s. XIX &#8211; Texto, fotograf\u00edas, mapas<\/h3>\n<p><a href=\"http:\/\/agrega.juntadeandalucia.es\/repositorio\/16092016\/c9\/es-an_2016091612_9132523\/3_la_industrializacin_en_espaa.html\" target=\"_blank\" rel=\"noopener\">http:\/\/agrega.juntadeandalucia.es\/repositorio\/16092016\/c9\/es-an_2016091612_9132523\/3_la_industrializacin_en_espaa.html<br \/>\n<\/a><\/p>\n<p>&#8212;-<\/p>\n<p><img decoding=\"async\" src=\"https:\/\/1.bp.blogspot.com\/-B-nM2waztpI\/X6mLAP8f-0I\/AAAAAAAAWrM\/nyEqmcPcpgM8JBj1o7IPFCs9WZszxPt8wCLcBGAsYHQ\/s752\/04bd7738f36b09cbce299dc29086c006.jpg\" alt=\"https:\/\/1.bp.blogspot.com\/-B-nM2waztpI\/X6mLAP8f-0I\/AAAAAAAAWrM\/nyEqmcPcpgM8JBj1o7IPFCs9WZszxPt8wCLcBGAsYHQ\/s752\/04bd7738f36b09cbce299dc29086c006.jpg\" \/><\/p>\n<p>&#8212;&#8211;<\/p>\n<p><img decoding=\"async\" src=\"http:\/\/agrega.juntadeandalucia.es\/repositorio\/16092016\/c9\/es-an_2016091612_9132523\/industrializacion_espana.png\" alt=\"La Revoluci\u00f3n Industrial en Espa\u00f1a\" \/><\/p>\n<p>&#8212;&#8211;<\/p>\n<p><img decoding=\"async\" src=\"https:\/\/upload.wikimedia.org\/wikipedia\/commons\/thumb\/e\/ea\/La_red_de_ferrocarriles.svg\/948px-La_red_de_ferrocarriles.svg.png\" width=\"600\" \/><\/p>\n<p>&nbsp;<\/p>\n<h3>\u25ca \u00abLas transformaciones econ\u00f3micas y sociales del siglo XIX\u00bb [incluye: inicios del XX, hasta 1920] V\u00eddeo (56&#8242;)<\/h3>\n<p>(Marcos \u00c1lvarez, con fragmentos de la serie documental \u00abMemoria de Espa\u00f1a\u00bb, de RTVE)<\/p>\n<\/div>\n<p><iframe loading=\"lazy\" title=\"TEMA 7 - Las transformaciones econ\u00f3micas y sociales del siglo XIX.\" width=\"474\" height=\"356\" src=\"https:\/\/www.youtube.com\/embed\/3v6uz409gh0?feature=oembed\" frameborder=\"0\" allow=\"accelerometer; autoplay; clipboard-write; encrypted-media; gyroscope; picture-in-picture; web-share\" referrerpolicy=\"strict-origin-when-cross-origin\" allowfullscreen><\/iframe><\/p>\n<p id=\"yui_3_17_2_1_1677527757431_29\">1.- Las desamortizaciones y la agricultura. (00:07\u200b &#8211; 05:31\u200b)<br \/>\n2.- La industrializaci\u00f3n y los transportes. (05:31\u200b &#8211; 19:45\u200b)<br \/>\n3.- Los cambios sociales y demogr\u00e1ficos. (19:45\u200b &#8211; 42:00\u200b)<br \/>\n4.- Los inicios del movimiento obrero. (42:00\u200b &#8211; 55:44\u200b) [No trata solo los inicios: detalla bastante hasta 1920]<\/p>\n","protected":false},"excerpt":{"rendered":"<p>Ir a P\u00e1gina madre \u25ca La industrializaci\u00f3n y la red de ferrrocarriles en Espa\u00f1a en la segunda mitad del s. XIX &#8211; Texto, fotograf\u00edas, mapas http:\/\/agrega.juntadeandalucia.es\/repositorio\/16092016\/c9\/es-an_2016091612_9132523\/3_la_industrializacin_en_espaa.html &#8212;- &#8212;&#8211; &#8212;&#8211; &nbsp; \u25ca \u00abLas transformaciones econ\u00f3micas y sociales del siglo XIX\u00bb [incluye: inicios del XX, hasta 1920] V\u00eddeo (56&#8242;) (Marcos \u00c1lvarez, con fragmentos de la serie documental &hellip; <a href=\"https:\/\/trinidadarroyo.org\/aprende\/?page_id=551\" class=\"more-link\">Seguir leyendo <span class=\"screen-reader-text\">H\u00aa de Espa\u00f1a, 08: Siglo XIX: Transformaciones econ\u00f3micas y demogr\u00e1ficas<\/span> <span class=\"meta-nav\">&rarr;<\/span><\/a><\/p>\n","protected":false},"author":1,"featured_media":554,"parent":458,"menu_order":0,"comment_status":"closed","ping_status":"closed","template":"","meta":{"footnotes":""},"class_list":["post-551","page","type-page","status-publish","has-post-thumbnail","hentry"],"_links":{"self":[{"href":"https:\/\/trinidadarroyo.org\/aprende\/index.php?rest_route=\/wp\/v2\/pages\/551","targetHints":{"allow":["GET"]}}],"collection":[{"href":"https:\/\/trinidadarroyo.org\/aprende\/index.php?rest_route=\/wp\/v2\/pages"}],"about":[{"href":"https:\/\/trinidadarroyo.org\/aprende\/index.php?rest_route=\/wp\/v2\/types\/page"}],"author":[{"embeddable":true,"href":"https:\/\/trinidadarroyo.org\/aprende\/index.php?rest_route=\/wp\/v2\/users\/1"}],"replies":[{"embeddable":true,"href":"https:\/\/trinidadarroyo.org\/aprende\/index.php?rest_route=%2Fwp%2Fv2%2Fcomments&post=551"}],"version-history":[{"count":5,"href":"https:\/\/trinidadarroyo.org\/aprende\/index.php?rest_route=\/wp\/v2\/pages\/551\/revisions"}],"predecessor-version":[{"id":709,"href":"https:\/\/trinidadarroyo.org\/aprende\/index.php?rest_route=\/wp\/v2\/pages\/551\/revisions\/709"}],"up":[{"embeddable":true,"href":"https:\/\/trinidadarroyo.org\/aprende\/index.php?rest_route=\/wp\/v2\/pages\/458"}],"wp:featuredmedia":[{"embeddable":true,"href":"https:\/\/trinidadarroyo.org\/aprende\/index.php?rest_route=\/wp\/v2\/media\/554"}],"wp:attachment":[{"href":"https:\/\/trinidadarroyo.org\/aprende\/index.php?rest_route=%2Fwp%2Fv2%2Fmedia&parent=551"}],"curies":[{"name":"wp","href":"https:\/\/api.w.org\/{rel}","templated":true}]}}