{"id":812,"date":"2024-02-06T17:33:56","date_gmt":"2024-02-06T16:33:56","guid":{"rendered":"https:\/\/trinidadarroyo.org\/aprende\/?page_id=812"},"modified":"2024-02-15T18:23:33","modified_gmt":"2024-02-15T17:23:33","slug":"la-vida-en-la-antigua-roma","status":"publish","type":"page","link":"https:\/\/trinidadarroyo.org\/aprende\/?page_id=812","title":{"rendered":"La vida en la Antigua Roma"},"content":{"rendered":"<h1>La muerte en Roma<\/h1>\n<h2>Tumba de un panadero<\/h2>\n<p>Si bien las personas de condici\u00f3n humilde no tuvieron la influencia de la aristocracia, sin embargo, en algunas ocasiones llegaron a acumular grandes riquezas. A consecuencia de esto, se pudieron construir monumentos funerarios como el siguiente, dedicado a un panadero y que fue construido alrededor del 30 a. C.\u00a0 Si se presta atenci\u00f3n, el monumento en cuesti\u00f3n semeja el interior de un horno.<\/p>\n<p><img loading=\"lazy\" decoding=\"async\" class=\"\" src=\"https:\/\/sitibiterralevis.files.wordpress.com\/2013\/07\/recreacic3b3n-de-la-tumba-de-eurysaces.jpg\" alt=\"Tumba del liberto enriquecido Eurysaces, un panadero en Roma ...\" width=\"351\" height=\"402\" \/><\/p>\n<h2>Tumba de un patricio<\/h2>\n<p>Los patricios eran la aristocracia dominante en Roma. Fruto de su buena posici\u00f3n llevaron a cabo la construcci\u00f3n de grandes sarc\u00f3fagos como el presentado a continuaci\u00f3n. Esta tumba fue construida en torno al siglo II d.C. y presenta motivos ornamentales de la asi\u00e1tica Frigia, actual Turqu\u00eda.<\/p>\n<p><img loading=\"lazy\" decoding=\"async\" class=\"\" src=\"https:\/\/upload.wikimedia.org\/wikipedia\/commons\/thumb\/8\/80\/Roman_-_Garland_Sarcophagus_-_Walters_2329.jpg\/220px-Roman_-_Garland_Sarcophagus_-_Walters_2329.jpg\" alt=\"Sarc\u00f3fago romano - Wikipedia, la enciclopedia libre\" width=\"346\" height=\"226\" \/><\/p>\n<h2>Catacumbas para los plebeyos<\/h2>\n<p>Las catacumbas son las tumbas colectivas para la gente de condici\u00f3n humilde que estaban ocultas bajo el suelo de la ciudad. El t\u00e9rmino parece derivar de la preposici\u00f3n griega <em>cat\u00e1-<\/em>, \u00ababajo\u00bb, y el verbo latino <em>cumbo<\/em>, \u00abyacer\u00bb.<\/p>\n<p><img decoding=\"async\" src=\"https:\/\/www.disfrutaroma.com\/f\/italia\/roma\/guia\/catacumbas-roma-m.jpg\" alt=\"Catacumbas de Roma - Informaci\u00f3n de todas las catacumbas en Roma\" \/><\/p>\n<h2>Enlaces de inter\u00e9s<\/h2>\n<p><iframe loading=\"lazy\" title=\"Roma, un Imperio sin L\u00edmites (Mary Beard) Ep.1 ! Documental \u1d34\u1d30\" width=\"474\" height=\"267\" src=\"https:\/\/www.youtube.com\/embed\/e6W2x-2fyXQ?feature=oembed\" frameborder=\"0\" allow=\"accelerometer; autoplay; clipboard-write; encrypted-media; gyroscope; picture-in-picture; web-share\" referrerpolicy=\"strict-origin-when-cross-origin\" allowfullscreen><\/iframe><\/p>\n<h2>Fuentes bibliogr\u00e1ficas<\/h2>\n<ol>\n<li>Wikipedia<\/li>\n<li>Natural Geographic<\/li>\n<\/ol>\n","protected":false},"excerpt":{"rendered":"<p>La muerte en Roma Tumba de un panadero Si bien las personas de condici\u00f3n humilde no tuvieron la influencia de la aristocracia, sin embargo, en algunas ocasiones llegaron a acumular grandes riquezas. A consecuencia de esto, se pudieron construir monumentos funerarios como el siguiente, dedicado a un panadero y que fue construido alrededor del 30 &hellip; <a href=\"https:\/\/trinidadarroyo.org\/aprende\/?page_id=812\" class=\"more-link\">Seguir leyendo <span class=\"screen-reader-text\">La vida en la Antigua Roma<\/span> <span class=\"meta-nav\">&rarr;<\/span><\/a><\/p>\n","protected":false},"author":16,"featured_media":0,"parent":0,"menu_order":0,"comment_status":"closed","ping_status":"closed","template":"","meta":{"footnotes":""},"class_list":["post-812","page","type-page","status-publish","hentry"],"_links":{"self":[{"href":"https:\/\/trinidadarroyo.org\/aprende\/index.php?rest_route=\/wp\/v2\/pages\/812","targetHints":{"allow":["GET"]}}],"collection":[{"href":"https:\/\/trinidadarroyo.org\/aprende\/index.php?rest_route=\/wp\/v2\/pages"}],"about":[{"href":"https:\/\/trinidadarroyo.org\/aprende\/index.php?rest_route=\/wp\/v2\/types\/page"}],"author":[{"embeddable":true,"href":"https:\/\/trinidadarroyo.org\/aprende\/index.php?rest_route=\/wp\/v2\/users\/16"}],"replies":[{"embeddable":true,"href":"https:\/\/trinidadarroyo.org\/aprende\/index.php?rest_route=%2Fwp%2Fv2%2Fcomments&post=812"}],"version-history":[{"count":10,"href":"https:\/\/trinidadarroyo.org\/aprende\/index.php?rest_route=\/wp\/v2\/pages\/812\/revisions"}],"predecessor-version":[{"id":989,"href":"https:\/\/trinidadarroyo.org\/aprende\/index.php?rest_route=\/wp\/v2\/pages\/812\/revisions\/989"}],"wp:attachment":[{"href":"https:\/\/trinidadarroyo.org\/aprende\/index.php?rest_route=%2Fwp%2Fv2%2Fmedia&parent=812"}],"curies":[{"name":"wp","href":"https:\/\/api.w.org\/{rel}","templated":true}]}}